{"id":270,"date":"2015-06-19T01:01:37","date_gmt":"2015-06-18T23:01:37","guid":{"rendered":"http:\/\/www.rimiflu.it\/2015\/?page_id=270"},"modified":"2020-04-15T21:19:52","modified_gmt":"2020-04-15T19:19:52","slug":"privacy","status":"publish","type":"page","link":"https:\/\/rimiflu.it\/?page_id=270","title":{"rendered":"Privacy"},"content":{"rendered":"<p style=\"text-align: center;\"><strong>PRIVACY POLICY PER SITO INTERNET<\/strong><\/p>\n<p style=\"text-align: center;\"><strong>(ai sensi del regolamento UE 2016\/679)<\/strong><\/p>\n<p>In questa pagina si descrivono le modalit\u00e0 di gestione del sito in riferimento al trattamento dei dati personali degli utenti che lo consultano.<\/p>\n<p>Rimiflu s.r.l. la cui sede legale si trova Via Magellano 5\/b, 20090 CESANO BOSCONE (MI) e P.IVA 11288420158 (successivamente descritta con il termine \u201cTitolare\u201d), in qualit\u00e0 di titolare del trattamento, La informa, ai sensi del Regolamento UE n. 2016\/679 (poi abbreviato in \u201cGDPR\u201d) che i Suoi dati saranno utilizzati nei seguenti modi e per i seguenti fini:<\/p>\n<ol>\n<li><strong><em> Oggetto del Trattamento <\/em><\/strong><\/li>\n<\/ol>\n<p>Il Titolare tratta i dati personali identificativi (quali nome e cognome, numero telefonico, indirizzo mail \u2013 in seguito ci si riferir\u00e0 a questi con i termini \u201cdati personali\u201d o anche \u201cdati\u201d) da Lei comunicati.<\/p>\n<ol>\n<li><strong><em> Finalit\u00e0 del trattamento <\/em><\/strong><\/li>\n<\/ol>\n<p>I Suoi dati personali saranno utilizzati:<\/p>\n<ul>\n<li><strong>Senza il Suo consenso espresso, <\/strong>come indicato dall\u2019 articolo 6 lett. b), e) GDPR, per le seguenti Finalit\u00e0 di Servizio:<\/li>\n<li>Concludere i contratti per i servizi del Titolare;<\/li>\n<li>Adempiere agli obblighi precontrattuali, contrattuali e fiscali derivanti da rapporti con Lei in essere;<\/li>\n<li>Adempiere agli obblighi previsti dalla legge, da un regolamento, dalla normativa comunitaria o da un ordine dell\u2019Autorit\u00e0 (come ad esempio in materia di antiriciclaggio);<\/li>\n<li>Esercitare i diritti del Titolare, ad esempio il diritto di difesa in giudizio;<\/li>\n<li>Solo <strong>previo<\/strong> Suo specifico e distinto <strong>consenso<\/strong> (art. 7 GDPR), per le seguenti Finalit\u00e0 di Marketing:<\/li>\n<li>InviarLe via e-mail, posta e\/o sms e\/o contatti telefonici, newsletter, comunicazioni commerciali e\/o materiale pubblicitario su prodotti o servizi offerti dal Titolare e rilevazione del grado di soddisfazione sulla qualit\u00e0 dei servizi;<\/li>\n<li>InviarLe via e-mail, posta e\/o sms e\/o contatti telefonici comunicazioni commerciali e\/o promozionali di soggetti terzi.<\/li>\n<\/ul>\n<ol>\n<li><strong><em> Modalit\u00e0 di trattamento <\/em><\/strong><\/li>\n<\/ol>\n<p>Il trattamento dei Suoi dati personali viene effettuato per mezzo delle operazioni indicate all\u2019articolo 4 n. 2) GDPR e precisamente: raccolta, registrazione, organizzazione, conservazione, consultazione, elaborazione, modificazione, selezione, estrazione, raffronto, utilizzo, interconnessione, limitazione, comunicazione, cancellazione e distruzione dei dati. I Suoi dati personali vengono sottoposti a trattamento sia in forma cartacea che in forma elettronica e\/o automatizzata.<\/p>\n<p>Il Titolare tratter\u00e0 i dati personali per il tempo necessario per adempiere alle finalit\u00e0 di cui sopra e comunque per non oltre 10 anni dalla cessazione del rapporto per le Finalit\u00e0 di Servizio e per non oltre 2 anni dalla raccolta dei dati per le Finalit\u00e0 di Marketing.<\/p>\n<p><strong><em>\u00a0<\/em><\/strong><strong><em>Accesso ai dati <\/em><\/strong><\/p>\n<p>I Suoi dati potranno essere resi accessibili, per le finalit\u00e0 di cui al punto B., a dipendenti e collaboratori del Titolare, nella loro qualit\u00e0 di incaricati e\/o responsabili interni del trattamento e\/o amministratori di sistema.<\/p>\n<ol>\n<li><strong><em> Comunicazione dei dati <\/em><\/strong><\/li>\n<\/ol>\n<p>Nessun dato derivante dal servizio web (dati quindi di navigazione sopra specificati e cookies) viene comunicato o diffuso (salva la comunicazione ad organi giudiziari o di polizia se necessaria).<\/p>\n<p>Senza la necessit\u00e0 di un espresso consenso, vedasi l\u2019articolo 6 lett. b) e c) GDPR, il Titolare potr\u00e0 comunicare i Suoi dati per le finalit\u00e0 di cui al punto B.1 a Organismi di vigilanza, Autorit\u00e0 giudiziarie, societ\u00e0 di assicurazione per la prestazione di servizi assicurativi, nonch\u00e9 a tutti i soggetti ai quali la comunicazione sia obbligatoria per legge per l\u2019espletamento delle citate finalit\u00e0. Questi soggetti tratteranno i dati nella loro qualit\u00e0 di autonomi titolari del trattamento.<\/p>\n<ol>\n<li><strong><em> Trasferimento dati <\/em><\/strong><\/li>\n<\/ol>\n<p>I dati personali sono conservati su server ubicati in Via Magellano 5\/b, 20090 CESANO BOSCONE (MI), all\u2019interno dell\u2019Unione Europea.<\/p>\n<ol>\n<li><strong><em> Natura del conferimento dei dati e conseguenze del rifiuto di rispondere <\/em><\/strong><\/li>\n<\/ol>\n<p>Il conferimento dei dati per le finalit\u00e0 di cui al punto B.1 \u00e8 obbligatorio. In loro assenza, non potremo garantirLe i Servizi del punto B.1.<\/p>\n<p>Il conferimento dei dati per le finalit\u00e0 di cui al punto B.2 (finalit\u00e0 di marketing) \u00e8 invece facoltativo. Pu\u00f2 quindi decidere di non conferire alcun dato o di negare, in un momento successivo, la facolt\u00e0 di trattare dati precedentemente forniti: in tal caso, non ricever\u00e0 newsletter, comunicazioni a carattere commerciale e materiali pubblicitari inerenti ai Servizi offerti dal Titolare. Continuer\u00e0 comunque ad avere diritto ai Servizi di cui al punto B.1.<\/p>\n<ol>\n<li><strong><em> Diritti dell\u2019interessato<\/em><\/strong><\/li>\n<\/ol>\n<p>Nella Sua qualit\u00e0 di interessato, ha i diritti di accesso di cui agli artt. 15 &#8211; 22 GDPR, ovvero diritto di accesso, diritto di rettifica, diritto alla cancellazione (\u201cdiritto all\u2019oblio\u201d), diritto di limitazione di trattamento, diritto alla portabilit\u00e0 dei dati, diritto di opposizione, nonch\u00e9 il diritto di reclamo all\u2019Autorit\u00e0 Garante.<\/p>\n<ol>\n<li><strong><em> Modalit\u00e0 di esercizio dei diritti <\/em><\/strong><\/li>\n<\/ol>\n<p>Potr\u00e0 in qualsiasi momento esercitare i diritti inviando:<\/p>\n<p>&#8211; una raccomandata A.R. a RIMIFLU s.r.l., Via Magellano 5\/b, 20090 CESANO BOSCONE(MI)<\/p>\n<p>&#8211; una e-mail all\u2019indirizzo \u00a0\u00a0\u00a0\u00a0info@rimiflu.it<\/p>\n<ol>\n<li><strong><em> Proposizione del reclamo <\/em><\/strong><\/li>\n<\/ol>\n<p>L\u2019interessato ha diritto di proporre reclamo all\u2019Autorit\u00e0\u0300 di controllo dello Stato di residenza.<\/p>\n<ol>\n<li><strong><em> Processi decisionali automatizzati <\/em><\/strong><\/li>\n<\/ol>\n<p>Il Titolare non effettua trattamenti che consistano in processi decisionali automatizzati<\/p>\n<ol>\n<li><strong><em> Titolare, responsabile e incaricati <\/em><\/strong><\/li>\n<\/ol>\n<p>Il Titolare del trattamento \u00e8 RIMIFLU s.r.l. la cui sede operativa in Via Magellano 5\/b, 20090 CESANO BOSCONE (MI).<\/p>\n<p>Ultimo Aggiornamento\u00a0\u00a0\u00a0\u00a0\u00a0\u00a0\u00a0\u00a0\u00a0\u00a0\u00a0\u00a0\u00a0\u00a0\u00a0\u00a0\u00a0\u00a0\u00a0\u00a0\u00a0\u00a0\u00a0\u00a0\u00a0\u00a0\u00a0\u00a0\u00a0\u00a0\u00a0\u00a0\u00a0\u00a0\u00a0\u00a0\u00a0\u00a0\u00a0\u00a0\u00a0\u00a0\u00a0\u00a0\u00a0\u00a0\u00a0\u00a0\u00a0\u00a0\u00a0\u00a0\u00a0\u00a0\u00a0\u00a0\u00a0\u00a0 \u00a0\u00a0\u00a0\u00a0\u00a0\u00a0\u00a0\u00a0\u00a0\u00a0\u00a0\u00a0\u00a0\u00a0\u00a0\u00a0\u00a0\u00a0\u00a0\u00a0\u00a0\u00a0\u00a0\u00a0\u00a0\u00a0\u00a0\u00a0\u00a0\u00a0\u00a0\u00a0\u00a0\u00a0\u00a0\u00a0\u00a0\u00a0\u00a0\u00a0 03\/03\/20<\/p>\n","protected":false},"excerpt":{"rendered":"<p>PRIVACY POLICY PER SITO INTERNET (ai sensi del regolamento UE 2016\/679) In questa pagina si descrivono le modalit\u00e0 di gestione del sito in riferimento al trattamento dei dati personali degli utenti che lo consultano. Rimiflu s.r.l. la cui sede legale si trova Via Magellano 5\/b, 20090 CESANO BOSCONE (MI) e P.IVA 11288420158 (successivamente descritta con&#8230; <\/p>\n","protected":false},"author":1,"featured_media":0,"parent":0,"menu_order":0,"comment_status":"closed","ping_status":"closed","template":"","meta":{"footnotes":""},"_links":{"self":[{"href":"https:\/\/rimiflu.it\/index.php?rest_route=\/wp\/v2\/pages\/270"}],"collection":[{"href":"https:\/\/rimiflu.it\/index.php?rest_route=\/wp\/v2\/pages"}],"about":[{"href":"https:\/\/rimiflu.it\/index.php?rest_route=\/wp\/v2\/types\/page"}],"author":[{"embeddable":true,"href":"https:\/\/rimiflu.it\/index.php?rest_route=\/wp\/v2\/users\/1"}],"replies":[{"embeddable":true,"href":"https:\/\/rimiflu.it\/index.php?rest_route=%2Fwp%2Fv2%2Fcomments&post=270"}],"version-history":[{"count":3,"href":"https:\/\/rimiflu.it\/index.php?rest_route=\/wp\/v2\/pages\/270\/revisions"}],"predecessor-version":[{"id":330,"href":"https:\/\/rimiflu.it\/index.php?rest_route=\/wp\/v2\/pages\/270\/revisions\/330"}],"wp:attachment":[{"href":"https:\/\/rimiflu.it\/index.php?rest_route=%2Fwp%2Fv2%2Fmedia&parent=270"}],"curies":[{"name":"wp","href":"https:\/\/api.w.org\/{rel}","templated":true}]}}